{"id":26,"date":"2023-05-23T11:48:41","date_gmt":"2023-05-23T11:48:41","guid":{"rendered":"http:\/\/buerger-fuer-chemnitz.com\/?page_id=26"},"modified":"2023-07-03T16:43:51","modified_gmt":"2023-07-03T16:43:51","slug":"unser-leitbild","status":"publish","type":"page","link":"https:\/\/buerger-fuer-chemnitz.com\/?page_id=26","title":{"rendered":"Unser Leitbild"},"content":{"rendered":"<p>[et_pb_section fb_built=&#8220;1&#8243; admin_label=&#8220;Header&#8220; _builder_version=&#8220;4.21.0&#8243; _module_preset=&#8220;default&#8220; use_background_color_gradient=&#8220;on&#8220; background_color_gradient_stops=&#8220;rgba(0,0,0,0.78) 0%|rgba(0,0,0,0.51) 100%&#8220; background_color_gradient_overlays_image=&#8220;on&#8220; background_image=&#8220;https:\/\/buerger-fuer-chemnitz.com\/wp-content\/uploads\/2023\/05\/building-gf8eb0842f_1920-1.jpg&#8220; custom_margin=&#8220;-130px||||false|false&#8220; custom_padding=&#8220;6vw||200px||false|false&#8220; collapsed=&#8220;on&#8220; global_colors_info=&#8220;{}&#8220;][et_pb_row _builder_version=&#8220;4.21.0&#8243; _module_preset=&#8220;default&#8220; global_colors_info=&#8220;{}&#8220;][et_pb_column type=&#8220;4_4&#8243; _builder_version=&#8220;4.20.0&#8243; _module_preset=&#8220;default&#8220; global_colors_info=&#8220;{}&#8220;][et_pb_text _builder_version=&#8220;4.21.0&#8243; _module_preset=&#8220;afe2716a-e1d2-4c4e-99c7-037fff68aea6&#8243; header_font=&#8220;Arial|500|||||||&#8220; header_text_color=&#8220;#FFFFFF&#8220; background_layout=&#8220;dark&#8220; global_colors_info=&#8220;{}&#8220;]<\/p>\n<h1>Unser Leitbild<\/h1>\n<p>[\/et_pb_text][\/et_pb_column][\/et_pb_row][\/et_pb_section][et_pb_section fb_built=&#8220;1&#8243; admin_label=&#8220;Stats&#8220; _builder_version=&#8220;4.20.0&#8243; _module_preset=&#8220;default&#8220; background_color=&#8220;RGBA(255,255,255,0)&#8220; custom_padding=&#8220;0px||||false|false&#8220; collapsed=&#8220;on&#8220; global_colors_info=&#8220;{}&#8220;][et_pb_row column_structure=&#8220;2_5,3_5&#8243; custom_padding_last_edited=&#8220;on|phone&#8220; _builder_version=&#8220;4.21.0&#8243; _module_preset=&#8220;default&#8220; background_color=&#8220;gcid-ee37f9db-558a-4c1e-93ad-2fb984fae1ac&#8220; custom_margin=&#8220;-148px||||false|false&#8220; custom_padding=&#8220;50px|50px|50px|50px|true|true&#8220; custom_padding_tablet=&#8220;30px|30px|30px|30px|true|true&#8220; custom_padding_phone=&#8220;||||false|false&#8220; border_radii=&#8220;off|6vw|||&#8220; border_radii_last_edited=&#8220;off|desktop&#8220; global_colors_info=&#8220;{%22gcid-ee37f9db-558a-4c1e-93ad-2fb984fae1ac%22:%91%22background_color%22%93}&#8220;][et_pb_column type=&#8220;2_5&#8243; _builder_version=&#8220;4.20.0&#8243; _module_preset=&#8220;default&#8220; global_colors_info=&#8220;{}&#8220;][et_pb_image src=&#8220;https:\/\/buerger-fuer-chemnitz.com\/wp-content\/uploads\/2023\/05\/co-working-10b.png&#8220; title_text=&#8220;pexels-andrea-piacquadio-3768114&#8243; _builder_version=&#8220;4.21.0&#8243; _module_preset=&#8220;default&#8220; background_image=&#8220;https:\/\/buerger-fuer-chemnitz.com\/wp-content\/uploads\/2023\/05\/pexels-andrea-piacquadio-3768114.jpg&#8220; global_colors_info=&#8220;{}&#8220;][\/et_pb_image][\/et_pb_column][et_pb_column type=&#8220;3_5&#8243; _builder_version=&#8220;4.20.0&#8243; _module_preset=&#8220;default&#8220; global_colors_info=&#8220;{}&#8220;][et_pb_text _builder_version=&#8220;4.21.0&#8243; _module_preset=&#8220;default&#8220; header_4_line_height=&#8220;1.4em&#8220; custom_margin=&#8220;57px||||false|false&#8220; global_colors_info=&#8220;{}&#8220;]<\/p>\n<h4><b>Der Chemnitzer, die Chemnitzerin stehen im Mittelpunkt unserer Arbeit. Wir respektieren jeden, der f\u00fcr ein lebenswertes, kulturelles, wirtschaftliches Chemnitz brennt, der das Gef\u00fchl f\u00fcr unsere Heimat, Stolz, Werte, Respekt und Loyalit\u00e4t in sich tr\u00e4gt.<\/b><\/h4>\n<p>[\/et_pb_text][\/et_pb_column][\/et_pb_row][\/et_pb_section][et_pb_section fb_built=&#8220;1&#8243; admin_label=&#8220;Features&#8220; _builder_version=&#8220;4.20.0&#8243; _module_preset=&#8220;default&#8220; collapsed=&#8220;on&#8220; global_colors_info=&#8220;{}&#8220;][et_pb_row column_structure=&#8220;1_2,1_2&#8243; _builder_version=&#8220;4.20.0&#8243; _module_preset=&#8220;default&#8220; global_colors_info=&#8220;{}&#8220;][et_pb_column type=&#8220;1_2&#8243; _builder_version=&#8220;4.20.0&#8243; _module_preset=&#8220;default&#8220; global_colors_info=&#8220;{}&#8220;][et_pb_blurb title=&#8220;Eigenverantwortung&#8220; image=&#8220;https:\/\/buerger-fuer-chemnitz.com\/wp-content\/uploads\/2023\/05\/1-2.png&#8220; _builder_version=&#8220;4.21.0&#8243; _module_preset=&#8220;61ad85d7-ba9b-449d-a955-9149408d024b&#8220; header_font=&#8220;Arial|600|||||||&#8220; body_font=&#8220;Arial|500|||||||&#8220; border_radii_image=&#8220;on|0px|0px|0px|0px&#8220; global_colors_info=&#8220;{}&#8220;]<\/p>\n<p>Es ist das Recht aber auch die Pflicht eines jeden von uns, die Stadt Chemnitz mitzugestalten.<\/p>\n<p>[\/et_pb_blurb][\/et_pb_column][et_pb_column type=&#8220;1_2&#8243; _builder_version=&#8220;4.20.0&#8243; _module_preset=&#8220;default&#8220; global_colors_info=&#8220;{}&#8220;][et_pb_blurb title=&#8220;Transparenz&#8220; image=&#8220;https:\/\/buerger-fuer-chemnitz.com\/wp-content\/uploads\/2023\/05\/2-2.png&#8220; _builder_version=&#8220;4.21.0&#8243; _module_preset=&#8220;61ad85d7-ba9b-449d-a955-9149408d024b&#8220; header_font=&#8220;Arial|600|||||||&#8220; body_font=&#8220;Arial|500|||||||&#8220; border_radii_image=&#8220;on|0px|0px|0px|0px&#8220; locked=&#8220;off&#8220; global_colors_info=&#8220;{}&#8220;]<\/p>\n<p>Daten und Informationen zur Stadt Chemnitz geh\u00f6ren uns allen und sind damit auch f\u00fcr alle verf\u00fcgbar.<\/p>\n<p>[\/et_pb_blurb][\/et_pb_column][\/et_pb_row][et_pb_row column_structure=&#8220;1_2,1_2&#8243; _builder_version=&#8220;4.20.0&#8243; _module_preset=&#8220;default&#8220; global_colors_info=&#8220;{}&#8220;][et_pb_column type=&#8220;1_2&#8243; _builder_version=&#8220;4.20.0&#8243; _module_preset=&#8220;default&#8220; global_colors_info=&#8220;{}&#8220;][et_pb_blurb title=&#8220;Partizipation&#8220; image=&#8220;https:\/\/buerger-fuer-chemnitz.com\/wp-content\/uploads\/2023\/05\/3-2.png&#8220; _builder_version=&#8220;4.21.0&#8243; _module_preset=&#8220;61ad85d7-ba9b-449d-a955-9149408d024b&#8220; header_font=&#8220;Arial|600|||||||&#8220; body_font=&#8220;Arial|500|||||||&#8220; border_radii_image=&#8220;on|0px|0px|0px|0px&#8220; global_colors_info=&#8220;{}&#8220;]<\/p>\n<p>Wichtige Entscheidungen f\u00fcr die Stadt werden durch ihre B\u00fcrger im Sinne von B\u00fcrgerbefragungen getroffen.<\/p>\n<p>[\/et_pb_blurb][\/et_pb_column][et_pb_column type=&#8220;1_2&#8243; _builder_version=&#8220;4.20.0&#8243; _module_preset=&#8220;default&#8220; global_colors_info=&#8220;{}&#8220;][et_pb_blurb title=&#8220;Delegation&#8220; image=&#8220;https:\/\/buerger-fuer-chemnitz.com\/wp-content\/uploads\/2023\/05\/4-2.png&#8220; _builder_version=&#8220;4.21.0&#8243; _module_preset=&#8220;61ad85d7-ba9b-449d-a955-9149408d024b&#8220; header_font=&#8220;Arial|600|||||||&#8220; body_font=&#8220;Arial|500|||||||&#8220; border_radii_image=&#8220;on|0px|0px|0px|0px&#8220; locked=&#8220;off&#8220; global_colors_info=&#8220;{}&#8220;]<\/p>\n<p>Entscheidungen werden an die Stellen und Gremien delegiert, die von deren Konsequenzen direkt betroffen sind.<\/p>\n<div style=\"all: initial;\" class=\"notranslate\"><\/div>\n<p>[\/et_pb_blurb][\/et_pb_column][\/et_pb_row][et_pb_row column_structure=&#8220;1_2,1_2&#8243; _builder_version=&#8220;4.20.0&#8243; _module_preset=&#8220;default&#8220; global_colors_info=&#8220;{}&#8220;][et_pb_column type=&#8220;1_2&#8243; _builder_version=&#8220;4.20.0&#8243; _module_preset=&#8220;default&#8220; global_colors_info=&#8220;{}&#8220;][et_pb_blurb title=&#8220;Umgang mit Problemen&#8220; image=&#8220;https:\/\/buerger-fuer-chemnitz.com\/wp-content\/uploads\/2023\/05\/5-2.png&#8220; _builder_version=&#8220;4.21.0&#8243; _module_preset=&#8220;61ad85d7-ba9b-449d-a955-9149408d024b&#8220; header_font=&#8220;Arial|600|||||||&#8220; body_font=&#8220;Arial|500|||||||&#8220; border_radii_image=&#8220;on|0px|0px|0px|0px&#8220; global_colors_info=&#8220;{}&#8220;]<\/p>\n<p>Wir betrachten Probleme als Sch\u00e4tze und deren L\u00f6sung als Mittel zur Entwicklung der Stadt.<\/p>\n<p>[\/et_pb_blurb][et_pb_blurb title=&#8220;Zukunft&#8220; image=&#8220;https:\/\/buerger-fuer-chemnitz.com\/wp-content\/uploads\/2023\/05\/7-2.png&#8220; _builder_version=&#8220;4.21.0&#8243; _module_preset=&#8220;61ad85d7-ba9b-449d-a955-9149408d024b&#8220; header_font=&#8220;Arial|600|||||||&#8220; body_font=&#8220;Arial|500|||||||&#8220; border_radii_image=&#8220;on|0px|0px|0px|0px&#8220; global_colors_info=&#8220;{}&#8220;]<\/p>\n<p>Alle Beschl\u00fcsse und Ma\u00dfnahmen sind daran zu messen, wie sie die Zukunftsf\u00e4higkeit von Chemnitz sichern.<\/p>\n<p>[\/et_pb_blurb][\/et_pb_column][et_pb_column type=&#8220;1_2&#8243; _builder_version=&#8220;4.20.0&#8243; _module_preset=&#8220;default&#8220; global_colors_info=&#8220;{}&#8220;][et_pb_blurb title=&#8220;Dienen&#8220; image=&#8220;https:\/\/buerger-fuer-chemnitz.com\/wp-content\/uploads\/2023\/05\/6-2.png&#8220; _builder_version=&#8220;4.21.0&#8243; _module_preset=&#8220;61ad85d7-ba9b-449d-a955-9149408d024b&#8220; header_font=&#8220;Arial|600|||||||&#8220; body_font=&#8220;Arial|500|||||||&#8220; border_radii_image=&#8220;on|0px|0px|0px|0px&#8220; locked=&#8220;off&#8220; global_colors_info=&#8220;{}&#8220;]<\/p>\n<p>Die Verwaltung der Stadt Chemnitz ist f\u00fcr die B\u00fcrger da und richtet ihre Arbeit an deren Bed\u00fcrfnissen aus.<\/p>\n<p>[\/et_pb_blurb][\/et_pb_column][\/et_pb_row][\/et_pb_section]<\/p>\n","protected":false},"excerpt":{"rendered":"<p>Unser LeitbildDer Chemnitzer, die Chemnitzerin stehen im Mittelpunkt unserer Arbeit. Wir respektieren jeden, der f\u00fcr ein lebenswertes, kulturelles, wirtschaftliches Chemnitz brennt, der das Gef\u00fchl f\u00fcr unsere Heimat, Stolz, Werte, Respekt und Loyalit\u00e4t in sich tr\u00e4gt.Es ist das Recht aber auch die Pflicht eines jeden von uns, die Stadt Chemnitz mitzugestalten.Daten und Informationen zur Stadt Chemnitz [&hellip;]<\/p>\n","protected":false},"author":1,"featured_media":0,"parent":0,"menu_order":0,"comment_status":"closed","ping_status":"closed","template":"","meta":{"_et_pb_use_builder":"on","_et_pb_old_content":"","_et_gb_content_width":"1080","footnotes":""},"aioseo_notices":[],"_links":{"self":[{"href":"https:\/\/buerger-fuer-chemnitz.com\/index.php?rest_route=\/wp\/v2\/pages\/26"}],"collection":[{"href":"https:\/\/buerger-fuer-chemnitz.com\/index.php?rest_route=\/wp\/v2\/pages"}],"about":[{"href":"https:\/\/buerger-fuer-chemnitz.com\/index.php?rest_route=\/wp\/v2\/types\/page"}],"author":[{"embeddable":true,"href":"https:\/\/buerger-fuer-chemnitz.com\/index.php?rest_route=\/wp\/v2\/users\/1"}],"replies":[{"embeddable":true,"href":"https:\/\/buerger-fuer-chemnitz.com\/index.php?rest_route=%2Fwp%2Fv2%2Fcomments&post=26"}],"version-history":[{"count":7,"href":"https:\/\/buerger-fuer-chemnitz.com\/index.php?rest_route=\/wp\/v2\/pages\/26\/revisions"}],"predecessor-version":[{"id":575,"href":"https:\/\/buerger-fuer-chemnitz.com\/index.php?rest_route=\/wp\/v2\/pages\/26\/revisions\/575"}],"wp:attachment":[{"href":"https:\/\/buerger-fuer-chemnitz.com\/index.php?rest_route=%2Fwp%2Fv2%2Fmedia&parent=26"}],"curies":[{"name":"wp","href":"https:\/\/api.w.org\/{rel}","templated":true}]}}