{"id":28,"date":"2023-05-23T11:49:20","date_gmt":"2023-05-23T11:49:20","guid":{"rendered":"http:\/\/buerger-fuer-chemnitz.com\/?page_id=28"},"modified":"2023-07-03T16:20:35","modified_gmt":"2023-07-03T16:20:35","slug":"unser-programm","status":"publish","type":"page","link":"https:\/\/buerger-fuer-chemnitz.com\/?page_id=28","title":{"rendered":"Unser Programm"},"content":{"rendered":"<p>[et_pb_section fb_built=&#8220;1&#8243; admin_label=&#8220;Header&#8220; _builder_version=&#8220;4.21.0&#8243; _module_preset=&#8220;default&#8220; use_background_color_gradient=&#8220;on&#8220; background_color_gradient_stops=&#8220;rgba(0,0,0,0.78) 0%|rgba(0,0,0,0.51) 100%&#8220; background_color_gradient_overlays_image=&#8220;on&#8220; background_image=&#8220;https:\/\/buerger-fuer-chemnitz.com\/wp-content\/uploads\/2023\/05\/chemnitz-g9eab90272_1920.jpg&#8220; custom_margin=&#8220;-130px||||false|false&#8220; custom_padding=&#8220;6vw||200px||false|false&#8220; collapsed=&#8220;on&#8220; global_colors_info=&#8220;{}&#8220;][et_pb_row _builder_version=&#8220;4.20.0&#8243; _module_preset=&#8220;default&#8220; global_colors_info=&#8220;{}&#8220;][et_pb_column type=&#8220;4_4&#8243; _builder_version=&#8220;4.20.0&#8243; _module_preset=&#8220;default&#8220; global_colors_info=&#8220;{}&#8220;][et_pb_text _builder_version=&#8220;4.20.0&#8243; _module_preset=&#8220;f3ffee46-e9ae-4cb1-8748-bac7d6a30475&#8243; header_text_color=&#8220;#FFFFFF&#8220; background_layout=&#8220;dark&#8220; global_colors_info=&#8220;{}&#8220;]<\/p>\n<h1>Unser Programm<\/h1>\n<p>[\/et_pb_text][\/et_pb_column][\/et_pb_row][\/et_pb_section][et_pb_section fb_built=&#8220;1&#8243; admin_label=&#8220;Stats&#8220; _builder_version=&#8220;4.21.0&#8243; _module_preset=&#8220;default&#8220; background_color=&#8220;RGBA(255,255,255,0)&#8220; custom_padding=&#8220;0px||||false|false&#8220; collapsed=&#8220;on&#8220; global_colors_info=&#8220;{}&#8220;][et_pb_row column_structure=&#8220;2_5,3_5&#8243; custom_padding_last_edited=&#8220;on|phone&#8220; _builder_version=&#8220;4.21.0&#8243; _module_preset=&#8220;default&#8220; background_color=&#8220;gcid-ee37f9db-558a-4c1e-93ad-2fb984fae1ac&#8220; custom_margin=&#8220;-148px||||false|false&#8220; custom_padding=&#8220;50px|50px|50px|50px|true|true&#8220; custom_padding_tablet=&#8220;30px|30px|30px|30px|true|true&#8220; custom_padding_phone=&#8220;||||false|false&#8220; border_radii=&#8220;off|6vw|||&#8220; border_radii_last_edited=&#8220;off|desktop&#8220; global_colors_info=&#8220;{%22gcid-ee37f9db-558a-4c1e-93ad-2fb984fae1ac%22:%91%22background_color%22%93}&#8220;][et_pb_column type=&#8220;2_5&#8243; _builder_version=&#8220;4.20.0&#8243; _module_preset=&#8220;default&#8220; global_colors_info=&#8220;{}&#8220;][et_pb_image src=&#8220;https:\/\/buerger-fuer-chemnitz.com\/wp-content\/uploads\/2023\/05\/co-working-10b.png&#8220; title_text=&#8220;Unbenannt-1&#8243; _builder_version=&#8220;4.21.0&#8243; _module_preset=&#8220;default&#8220; background_image=&#8220;https:\/\/buerger-fuer-chemnitz.com\/wp-content\/uploads\/2023\/05\/Unbenannt-1-1.jpg&#8220; global_colors_info=&#8220;{}&#8220;][\/et_pb_image][\/et_pb_column][et_pb_column type=&#8220;3_5&#8243; _builder_version=&#8220;4.20.0&#8243; _module_preset=&#8220;default&#8220; global_colors_info=&#8220;{}&#8220;][et_pb_text _builder_version=&#8220;4.21.0&#8243; _module_preset=&#8220;default&#8220; header_font=&#8220;Arial|600|||||||&#8220; hover_enabled=&#8220;0&#8243; global_colors_info=&#8220;{}&#8220; sticky_enabled=&#8220;0&#8243;]<\/p>\n<h1 class=\"title et-fb-editable-element et-fb-editable-element__editing\" data-shortcode-id=\"1.0.1.0-1685532827100\" data-quickaccess-id=\"title\" contenteditable=\"true\">B\u00fcrger f\u00fcr Chemnitz e.V. steht f\u00fcr&#8230;<\/h1>\n<p>[\/et_pb_text][et_pb_toggle title=&#8220;&#8230; eine Stadtverwaltung, die sich als Partner und Dienstleister f\u00fcr die Chemnitzer B\u00fcrger begreift:&#8220; open_toggle_background_color=&#8220;RGBA(255,255,255,0)&#8220; closed_toggle_background_color=&#8220;RGBA(255,255,255,0)&#8220; icon_color=&#8220;#000000&#8243; toggle_icon=&#8220;&#x4c;||divi||400&#8243; use_icon_font_size=&#8220;on&#8220; icon_font_size=&#8220;64px&#8220; open_icon_color=&#8220;#000000&#8243; open_toggle_icon=&#8220;&#x4b;||divi||400&#8243; open_use_icon_font_size=&#8220;on&#8220; open_icon_font_size=&#8220;64px&#8220; icon_font_size_tablet=&#8220;&#8220; icon_font_size_phone=&#8220;32px&#8220; icon_font_size_last_edited=&#8220;on|phone&#8220; open_icon_font_size_tablet=&#8220;&#8220; open_icon_font_size_phone=&#8220;32px&#8220; open_icon_font_size_last_edited=&#8220;on|desktop&#8220; _builder_version=&#8220;4.21.0&#8243; _module_preset=&#8220;8952e8c2-313b-4d37-ac9c-92da1a0058e0&#8243; title_text_color=&#8220;#000000&#8243; title_level=&#8220;h2&#8243; title_font=&#8220;Arial||||||||&#8220; title_font_size=&#8220;20px&#8220; title_line_height=&#8220;1.1em&#8220; body_font=&#8220;Arial|500|||||||&#8220; body_text_color=&#8220;#000000&#8243; custom_padding=&#8220;|0px||0px|false|true&#8220; title_font_size_tablet=&#8220;24px&#8220; title_font_size_phone=&#8220;18px&#8220; title_font_size_last_edited=&#8220;on|desktop&#8220; border_width_all=&#8220;0px&#8220; border_width_bottom=&#8220;1px&#8220; border_color_bottom=&#8220;#000000&#8243; global_colors_info=&#8220;{}&#8220;]<\/p>\n<p>Die Verwaltung ist f\u00fcr die B\u00fcrger da. Eine solche Grundeinstellung der st\u00e4dtischen Angestellten erm\u00f6glicht Kundenorientierung, Servicequalit\u00e4t und einen effektiven Umgang mit Steuermitteln.<\/p>\n<p>[\/et_pb_toggle][et_pb_toggle title=&#8220;&#8230; eine Stadt, die den B\u00fcrgern in den Stadtteilen und Ortschaften Mitwirkung und Mitgestaltung erm\u00f6glicht: &#8220; open_toggle_background_color=&#8220;RGBA(255,255,255,0)&#8220; closed_toggle_background_color=&#8220;RGBA(255,255,255,0)&#8220; icon_color=&#8220;#000000&#8243; toggle_icon=&#8220;&#x4c;||divi||400&#8243; use_icon_font_size=&#8220;on&#8220; icon_font_size=&#8220;64px&#8220; open_icon_color=&#8220;#000000&#8243; open_toggle_icon=&#8220;&#x4b;||divi||400&#8243; open_use_icon_font_size=&#8220;on&#8220; open_icon_font_size=&#8220;64px&#8220; icon_font_size_tablet=&#8220;&#8220; icon_font_size_phone=&#8220;32px&#8220; icon_font_size_last_edited=&#8220;on|phone&#8220; open_icon_font_size_tablet=&#8220;&#8220; open_icon_font_size_phone=&#8220;32px&#8220; open_icon_font_size_last_edited=&#8220;on|desktop&#8220; _builder_version=&#8220;4.20.0&#8243; _module_preset=&#8220;8952e8c2-313b-4d37-ac9c-92da1a0058e0&#8243; title_text_color=&#8220;#000000&#8243; title_level=&#8220;h2&#8243; title_font=&#8220;Arial||||||||&#8220; title_font_size=&#8220;20px&#8220; title_line_height=&#8220;1.1em&#8220; body_font=&#8220;Arial|500|||||||&#8220; body_text_color=&#8220;#000000&#8243; custom_padding=&#8220;|0px||0px|false|true&#8220; title_font_size_tablet=&#8220;24px&#8220; title_font_size_phone=&#8220;18px&#8220; title_font_size_last_edited=&#8220;on|desktop&#8220; border_width_all=&#8220;0px&#8220; border_width_bottom=&#8220;1px&#8220; border_color_bottom=&#8220;#000000&#8243; global_colors_info=&#8220;{}&#8220;]<\/p>\n<p>Kommunale Demokratie funktioniert immer dann am besten, wenn B\u00fcrger und Verwaltung so nah wie m\u00f6glich zusammenarbeiten. Ortschaftsr\u00e4te und B\u00fcrgerplattformen haben in unserer Stadt einen besonderen Stellenwert. Aus diesem Grund setzen wir uns f\u00fcr den Ausbau der Kompetenzen dieser Institutionen, sowie f\u00fcr deren dauerhafte angemessene Ausstattung und Finanzierung ein. So werden schnelle Entscheidungen mit einer hohen Qualit\u00e4t m\u00f6glich.<\/p>\n<p>[\/et_pb_toggle][et_pb_toggle title=&#8220;&#8230; eine Stadt, in der in den haus- und fach\u00e4rztlichen Praxen z\u00fcgig Behandlungstermine zu bekommen sind &#8211; Gesundheitsgestaltung statt Krankenverwaltung:&#8220; open_toggle_background_color=&#8220;RGBA(255,255,255,0)&#8220; closed_toggle_background_color=&#8220;RGBA(255,255,255,0)&#8220; icon_color=&#8220;#000000&#8243; toggle_icon=&#8220;&#x4c;||divi||400&#8243; use_icon_font_size=&#8220;on&#8220; icon_font_size=&#8220;64px&#8220; open_icon_color=&#8220;#000000&#8243; open_toggle_icon=&#8220;&#x4b;||divi||400&#8243; open_use_icon_font_size=&#8220;on&#8220; open_icon_font_size=&#8220;64px&#8220; icon_font_size_tablet=&#8220;&#8220; icon_font_size_phone=&#8220;32px&#8220; icon_font_size_last_edited=&#8220;on|phone&#8220; open_icon_font_size_tablet=&#8220;&#8220; open_icon_font_size_phone=&#8220;32px&#8220; open_icon_font_size_last_edited=&#8220;on|desktop&#8220; _builder_version=&#8220;4.20.0&#8243; _module_preset=&#8220;8952e8c2-313b-4d37-ac9c-92da1a0058e0&#8243; title_text_color=&#8220;#000000&#8243; title_level=&#8220;h2&#8243; title_font=&#8220;Arial||||||||&#8220; title_font_size=&#8220;20px&#8220; title_line_height=&#8220;1.1em&#8220; body_font=&#8220;Arial|500|||||||&#8220; body_text_color=&#8220;#000000&#8243; custom_padding=&#8220;|0px||0px|false|true&#8220; title_font_size_tablet=&#8220;24px&#8220; title_font_size_phone=&#8220;18px&#8220; title_font_size_last_edited=&#8220;on|desktop&#8220; border_width_all=&#8220;0px&#8220; border_width_bottom=&#8220;1px&#8220; border_color_bottom=&#8220;#000000&#8243; global_colors_info=&#8220;{}&#8220;]<\/p>\n<p>Das Recht auf medizinische Behandlungen kann in Chemnitz nicht in erforderlicher Qualit\u00e4t gew\u00e4hrleistet werden. Wir setzen uns f\u00fcr eine realistische Bewertung der aktuellen Situation und eine zielgerichtete Ansiedlung von medizinischen Einrichtungen ein.<\/p>\n<p>[\/et_pb_toggle][et_pb_toggle title=&#8220;&#8230; moderne Lernumgebungen und Lernausstattungen von den Kitas bis zur Universit\u00e4t: &#8220; open_toggle_background_color=&#8220;RGBA(255,255,255,0)&#8220; closed_toggle_background_color=&#8220;RGBA(255,255,255,0)&#8220; icon_color=&#8220;#000000&#8243; toggle_icon=&#8220;&#x4c;||divi||400&#8243; use_icon_font_size=&#8220;on&#8220; icon_font_size=&#8220;64px&#8220; open_icon_color=&#8220;#000000&#8243; open_toggle_icon=&#8220;&#x4b;||divi||400&#8243; open_use_icon_font_size=&#8220;on&#8220; open_icon_font_size=&#8220;64px&#8220; icon_font_size_tablet=&#8220;&#8220; icon_font_size_phone=&#8220;32px&#8220; icon_font_size_last_edited=&#8220;on|phone&#8220; open_icon_font_size_tablet=&#8220;&#8220; open_icon_font_size_phone=&#8220;32px&#8220; open_icon_font_size_last_edited=&#8220;on|desktop&#8220; _builder_version=&#8220;4.20.0&#8243; _module_preset=&#8220;8952e8c2-313b-4d37-ac9c-92da1a0058e0&#8243; title_text_color=&#8220;#000000&#8243; title_level=&#8220;h2&#8243; title_font=&#8220;Arial||||||||&#8220; title_font_size=&#8220;20px&#8220; title_line_height=&#8220;1.1em&#8220; body_font=&#8220;Arial|500|||||||&#8220; body_text_color=&#8220;#000000&#8243; custom_padding=&#8220;|0px||0px|false|true&#8220; title_font_size_tablet=&#8220;24px&#8220; title_font_size_phone=&#8220;18px&#8220; title_font_size_last_edited=&#8220;on|desktop&#8220; border_width_all=&#8220;0px&#8220; border_width_bottom=&#8220;1px&#8220; border_color_bottom=&#8220;#000000&#8243; global_colors_info=&#8220;{}&#8220;]<\/p>\n<p>Kinder sind die wesentliche Investition in unsere Zukunft. Leider geht die Stadt Chemnitz damit sehr str\u00e4flich um. \u00dcberalterte Ausstattungen, limitierte Bildungsangebote und knappes Personal stehen als Ergebnis einer jahrelang vernachl\u00e4ssigten Bildungspolitik. Schulplanung, Betreuungsschl\u00fcssel und au\u00dferschulische Angebote sind so zu gestalten, dass wir unseren Kindern und Jugendlichen eine wohnortnahe Entwicklung erm\u00f6glichen k\u00f6nnen.<\/p>\n<p>[\/et_pb_toggle][et_pb_toggle title=&#8220;&#8230; attraktive, zukunftsf\u00e4hige Arbeitspl\u00e4tze durch eine intelligente Ansiedlungspolitik:&#8220; open_toggle_background_color=&#8220;RGBA(255,255,255,0)&#8220; closed_toggle_background_color=&#8220;RGBA(255,255,255,0)&#8220; icon_color=&#8220;#000000&#8243; toggle_icon=&#8220;&#x4c;||divi||400&#8243; use_icon_font_size=&#8220;on&#8220; icon_font_size=&#8220;64px&#8220; open_icon_color=&#8220;#000000&#8243; open_toggle_icon=&#8220;&#x4b;||divi||400&#8243; open_use_icon_font_size=&#8220;on&#8220; open_icon_font_size=&#8220;64px&#8220; icon_font_size_tablet=&#8220;&#8220; icon_font_size_phone=&#8220;32px&#8220; icon_font_size_last_edited=&#8220;on|phone&#8220; open_icon_font_size_tablet=&#8220;&#8220; open_icon_font_size_phone=&#8220;32px&#8220; open_icon_font_size_last_edited=&#8220;on|desktop&#8220; _builder_version=&#8220;4.20.0&#8243; _module_preset=&#8220;8952e8c2-313b-4d37-ac9c-92da1a0058e0&#8243; title_text_color=&#8220;#000000&#8243; title_level=&#8220;h2&#8243; title_font=&#8220;Arial||||||||&#8220; title_font_size=&#8220;20px&#8220; title_line_height=&#8220;1.1em&#8220; body_font=&#8220;Arial|500|||||||&#8220; body_text_color=&#8220;#000000&#8243; custom_padding=&#8220;|0px||0px|false|true&#8220; title_font_size_tablet=&#8220;24px&#8220; title_font_size_phone=&#8220;18px&#8220; title_font_size_last_edited=&#8220;on|desktop&#8220; border_width_all=&#8220;0px&#8220; border_width_bottom=&#8220;1px&#8220; border_color_bottom=&#8220;#000000&#8243; global_colors_info=&#8220;{}&#8220;]<\/p>\n<p>Die Ansiedlung moderner Unternehmen mit zukunftsf\u00e4higen, gut bezahlten Arbeitspl\u00e4tzen ist der Schl\u00fcssel f\u00fcr eine nachhaltige kommunale Entwicklung. Leider verliert Chemnitz oft genug den Wettbewerb um Unternehmen, nicht zuletzt, da die Stadtverwaltung die Wirtschaftsf\u00f6rderung mit st\u00e4ndig wechselnden Priorit\u00e4ten sieht. Zur Gew\u00e4hrleistung einer funktionierenden Wirtschaftsstruktur, geh\u00f6rt ebenfalls die Sicherung und Weiterentwicklung traditioneller, als auch neuer Handwerksbetriebe.<\/p>\n<p>[\/et_pb_toggle][et_pb_toggle title=&#8220;&#8230; eine Stadt, die die Digitalisierung als Chance begreift und ihren B\u00fcrgern durch eine intelligente Vernetzung Gesch\u00e4ftsideen erm\u00f6glicht:&#8220; open_toggle_background_color=&#8220;RGBA(255,255,255,0)&#8220; closed_toggle_background_color=&#8220;RGBA(255,255,255,0)&#8220; icon_color=&#8220;#000000&#8243; toggle_icon=&#8220;&#x4c;||divi||400&#8243; use_icon_font_size=&#8220;on&#8220; icon_font_size=&#8220;64px&#8220; open_icon_color=&#8220;#000000&#8243; open_toggle_icon=&#8220;&#x4b;||divi||400&#8243; open_use_icon_font_size=&#8220;on&#8220; open_icon_font_size=&#8220;64px&#8220; icon_font_size_tablet=&#8220;&#8220; icon_font_size_phone=&#8220;32px&#8220; icon_font_size_last_edited=&#8220;on|phone&#8220; open_icon_font_size_tablet=&#8220;&#8220; open_icon_font_size_phone=&#8220;32px&#8220; open_icon_font_size_last_edited=&#8220;on|desktop&#8220; _builder_version=&#8220;4.20.0&#8243; _module_preset=&#8220;8952e8c2-313b-4d37-ac9c-92da1a0058e0&#8243; title_text_color=&#8220;#000000&#8243; title_level=&#8220;h2&#8243; title_font=&#8220;Arial||||||||&#8220; title_font_size=&#8220;20px&#8220; title_line_height=&#8220;1.1em&#8220; body_font=&#8220;Arial|500|||||||&#8220; body_text_color=&#8220;#000000&#8243; custom_padding=&#8220;|0px||0px|false|true&#8220; title_font_size_tablet=&#8220;24px&#8220; title_font_size_phone=&#8220;18px&#8220; title_font_size_last_edited=&#8220;on|desktop&#8220; border_width_all=&#8220;0px&#8220; border_width_bottom=&#8220;1px&#8220; border_color_bottom=&#8220;#000000&#8243; global_colors_info=&#8220;{}&#8220;]<\/p>\n<p>Die Digitalisierung der Kommunen hin zu Smart Citys er\u00f6ffnet den B\u00fcrgern ungeahnte M\u00f6glichkeiten. Die datensichere Vernetzung der Systeme gestattet beispielsweise intelligente Verkehrsflusssteuerungen, der Einsatz von Sensoren die bedarfsgerechte Ver- und Entsorgung und die Datenanalyse eine vorausschauende wie treffsichere Planung kommunaler Ressourcen. In diesem Sinne setzen wir uns f\u00fcr eine Smart City Chemnitz ein, in der die kommunalen Daten frei zug\u00e4nglich sind. Das gibt Chemnitzer Startups die Chance zur Entwicklung v\u00f6llig neuer Anwendungen.<\/p>\n<p>Die pers\u00f6nlichen Daten sind dabei \u00fcber die geltenden gesetzlichen Regelungen hinaus besonders zu sch\u00fctzen.<\/p>\n<p>[\/et_pb_toggle][et_pb_toggle title=&#8220;&#8230; eine moderne, leistungsf\u00e4hige (Verkehrs)Infrastruktur, die den Austausch zwischen Chemnitz und der Welt erm\u00f6glicht und sich flexibel ver\u00e4nderten Bedingungen anpassen kann:&#8220; open_toggle_background_color=&#8220;RGBA(255,255,255,0)&#8220; closed_toggle_background_color=&#8220;RGBA(255,255,255,0)&#8220; icon_color=&#8220;#000000&#8243; toggle_icon=&#8220;&#x4c;||divi||400&#8243; use_icon_font_size=&#8220;on&#8220; icon_font_size=&#8220;64px&#8220; open_icon_color=&#8220;#000000&#8243; open_toggle_icon=&#8220;&#x4b;||divi||400&#8243; open_use_icon_font_size=&#8220;on&#8220; open_icon_font_size=&#8220;64px&#8220; icon_font_size_tablet=&#8220;&#8220; icon_font_size_phone=&#8220;32px&#8220; icon_font_size_last_edited=&#8220;on|phone&#8220; open_icon_font_size_tablet=&#8220;&#8220; open_icon_font_size_phone=&#8220;32px&#8220; open_icon_font_size_last_edited=&#8220;on|desktop&#8220; _builder_version=&#8220;4.21.0&#8243; _module_preset=&#8220;8952e8c2-313b-4d37-ac9c-92da1a0058e0&#8243; title_text_color=&#8220;#000000&#8243; title_level=&#8220;h2&#8243; title_font=&#8220;Arial||||||||&#8220; title_font_size=&#8220;20px&#8220; title_line_height=&#8220;1.1em&#8220; body_font=&#8220;Arial|500|||||||&#8220; body_text_color=&#8220;#000000&#8243; custom_padding=&#8220;|0px||0px|false|true&#8220; title_font_size_tablet=&#8220;24px&#8220; title_font_size_phone=&#8220;18px&#8220; title_font_size_last_edited=&#8220;on|desktop&#8220; border_width_all=&#8220;0px&#8220; border_width_bottom=&#8220;1px&#8220; border_color_bottom=&#8220;#000000&#8243; global_colors_info=&#8220;{}&#8220;]<\/p>\n<p>Verkehrsinfrastruktur und Mobilit\u00e4t sind zwei sich bedingende Aspekte. Beide m\u00f6chten wir weiterentwickeln, aber die Passivit\u00e4t der Stadt Chemnitz besorgt uns. Beispielsweise bei den Problemen mit der Elektrifizierung der Sachsen-Franken-Magistrale und der Bahnanbindung nach Leipzig.<\/p>\n<p>[\/et_pb_toggle][et_pb_toggle title=&#8220;&#8230; ein sicheres, sauberes und gefahrloses Chemnitz als Grundlage f\u00fcr ein offenes, aktives Miteinanderleben:&#8220; open_toggle_background_color=&#8220;RGBA(255,255,255,0)&#8220; closed_toggle_background_color=&#8220;RGBA(255,255,255,0)&#8220; icon_color=&#8220;#000000&#8243; toggle_icon=&#8220;&#x4c;||divi||400&#8243; use_icon_font_size=&#8220;on&#8220; icon_font_size=&#8220;64px&#8220; open_icon_color=&#8220;#000000&#8243; open_toggle_icon=&#8220;&#x4b;||divi||400&#8243; open_use_icon_font_size=&#8220;on&#8220; open_icon_font_size=&#8220;64px&#8220; icon_font_size_tablet=&#8220;&#8220; icon_font_size_phone=&#8220;32px&#8220; icon_font_size_last_edited=&#8220;on|phone&#8220; open_icon_font_size_tablet=&#8220;&#8220; open_icon_font_size_phone=&#8220;32px&#8220; open_icon_font_size_last_edited=&#8220;on|desktop&#8220; _builder_version=&#8220;4.21.0&#8243; _module_preset=&#8220;8952e8c2-313b-4d37-ac9c-92da1a0058e0&#8243; title_text_color=&#8220;#000000&#8243; title_level=&#8220;h2&#8243; title_font=&#8220;Arial||||||||&#8220; title_font_size=&#8220;20px&#8220; title_line_height=&#8220;1.1em&#8220; body_font=&#8220;Arial|500|||||||&#8220; body_text_color=&#8220;#000000&#8243; custom_padding=&#8220;|0px||0px|false|true&#8220; title_font_size_tablet=&#8220;24px&#8220; title_font_size_phone=&#8220;18px&#8220; title_font_size_last_edited=&#8220;on|desktop&#8220; border_width_all=&#8220;0px&#8220; border_width_bottom=&#8220;1px&#8220; border_color_bottom=&#8220;#000000&#8243; global_colors_info=&#8220;{}&#8220;]<\/p>\n<p>Ein sauberes und sicheres Chemnitz ist uns ein wichtiges Anliegen. Aus diesem Grund werden wir alles, was uns m\u00f6glich ist, unternehmen, um die Sauberkeit, Ordnung und Sicherheit zu gew\u00e4hrleisten. Es muss endlich an den Ursachen der Probleme gearbeitet werden, statt die Symptome innerhalb der Stadt planlos hin- und herzuschieben. Daf\u00fcr muss sowohl die Handlungsf\u00e4higkeit der zust\u00e4ndigen Institutionen gest\u00e4rkt und die Unterst\u00fctzung engagierter Chemnitzer, die Verantwortung f\u00fcr den \u00f6ffentlichen Raum \u00fcbernehmen, verbessert werden.<\/p>\n<p>[\/et_pb_toggle][et_pb_toggle title=&#8220;&#8230; eine Stadt, die ihre Kultureinrichtungen, Sport- und Freizeitanlagen erh\u00e4lt und erweitert:&#8220; open_toggle_background_color=&#8220;RGBA(255,255,255,0)&#8220; closed_toggle_background_color=&#8220;RGBA(255,255,255,0)&#8220; icon_color=&#8220;#000000&#8243; toggle_icon=&#8220;&#x4c;||divi||400&#8243; use_icon_font_size=&#8220;on&#8220; icon_font_size=&#8220;64px&#8220; open_icon_color=&#8220;#000000&#8243; open_toggle_icon=&#8220;&#x4b;||divi||400&#8243; open_use_icon_font_size=&#8220;on&#8220; open_icon_font_size=&#8220;64px&#8220; icon_font_size_tablet=&#8220;&#8220; icon_font_size_phone=&#8220;32px&#8220; icon_font_size_last_edited=&#8220;on|phone&#8220; open_icon_font_size_tablet=&#8220;&#8220; open_icon_font_size_phone=&#8220;32px&#8220; open_icon_font_size_last_edited=&#8220;on|desktop&#8220; _builder_version=&#8220;4.21.0&#8243; _module_preset=&#8220;8952e8c2-313b-4d37-ac9c-92da1a0058e0&#8243; title_text_color=&#8220;#000000&#8243; title_level=&#8220;h2&#8243; title_font=&#8220;Arial||||||||&#8220; title_font_size=&#8220;20px&#8220; title_line_height=&#8220;1.1em&#8220; body_font=&#8220;Arial|500|||||||&#8220; body_text_color=&#8220;#000000&#8243; custom_padding=&#8220;|0px||0px|false|true&#8220; title_font_size_tablet=&#8220;24px&#8220; title_font_size_phone=&#8220;18px&#8220; title_font_size_last_edited=&#8220;on|desktop&#8220; border_width_all=&#8220;0px&#8220; border_width_bottom=&#8220;1px&#8220; border_color_bottom=&#8220;#000000&#8243; global_colors_info=&#8220;{}&#8220;]<\/p>\n<p>Wir Chemnitzer bezeichneten uns vor nicht allzu langer Zeit als Sportstadt, dann als Stadt der Moderne. Nun gelten wir als Europ\u00e4ische Kulturhauptstadt 2025. Um jedoch das Scheitern der Vergangenheit nicht zu wiederholen und daraus zu lernen, braucht es die Kraft und das Engagement jedes Chemnitzers. Diese gilt es zu b\u00fcndeln und in konkreten Projekten sichtbar zu machen.<\/p>\n<p>[\/et_pb_toggle][et_pb_toggle title=&#8220;&#8230; eine solidarische Stadt, die sich um die Schwachen k\u00fcmmert und niemanden zur\u00fcckl\u00e4sst:&#8220; open_toggle_background_color=&#8220;RGBA(255,255,255,0)&#8220; closed_toggle_background_color=&#8220;RGBA(255,255,255,0)&#8220; icon_color=&#8220;#000000&#8243; toggle_icon=&#8220;&#x4c;||divi||400&#8243; use_icon_font_size=&#8220;on&#8220; icon_font_size=&#8220;64px&#8220; open_icon_color=&#8220;#000000&#8243; open_toggle_icon=&#8220;&#x4b;||divi||400&#8243; open_use_icon_font_size=&#8220;on&#8220; open_icon_font_size=&#8220;64px&#8220; icon_font_size_tablet=&#8220;&#8220; icon_font_size_phone=&#8220;32px&#8220; icon_font_size_last_edited=&#8220;on|phone&#8220; open_icon_font_size_tablet=&#8220;&#8220; open_icon_font_size_phone=&#8220;32px&#8220; open_icon_font_size_last_edited=&#8220;on|desktop&#8220; _builder_version=&#8220;4.21.0&#8243; _module_preset=&#8220;8952e8c2-313b-4d37-ac9c-92da1a0058e0&#8243; title_text_color=&#8220;#000000&#8243; title_level=&#8220;h2&#8243; title_font=&#8220;Arial||||||||&#8220; title_font_size=&#8220;20px&#8220; title_line_height=&#8220;1.1em&#8220; body_font=&#8220;Arial|500|||||||&#8220; body_text_color=&#8220;#000000&#8243; custom_padding=&#8220;|0px||0px|false|true&#8220; title_font_size_tablet=&#8220;24px&#8220; title_font_size_phone=&#8220;18px&#8220; title_font_size_last_edited=&#8220;on|desktop&#8220; border_width_all=&#8220;0px&#8220; border_width_bottom=&#8220;1px&#8220; border_color_bottom=&#8220;#000000&#8243; global_colors_info=&#8220;{}&#8220;]<\/p>\n<p>B\u00fcrger f\u00fcr Chemnitz sind wir alle. Jede und jeder von uns. Wir bestimmen, wie wir in Zukunft zusammenleben wollen. Wie wir uns entwickeln werden. Welche Stadt wir unseren Kindern \u00fcbergeben m\u00f6chten. Deswegen m\u00fcssen wir ein Miteinander schaffen, zu dem alle im Rahmen ihrer M\u00f6glichkeiten ihren Beitrag leisten.<\/p>\n<p>[\/et_pb_toggle][\/et_pb_column][\/et_pb_row][\/et_pb_section]<\/p>\n","protected":false},"excerpt":{"rendered":"<p>Unser ProgrammB\u00fcrger f\u00fcr Chemnitz e.V. steht f\u00fcr&#8230;Die Verwaltung ist f\u00fcr die B\u00fcrger da. Eine solche Grundeinstellung der st\u00e4dtischen Angestellten erm\u00f6glicht Kundenorientierung, Servicequalit\u00e4t und einen effektiven Umgang mit Steuermitteln.Kommunale Demokratie funktioniert immer dann am besten, wenn B\u00fcrger und Verwaltung so nah wie m\u00f6glich zusammenarbeiten. Ortschaftsr\u00e4te und B\u00fcrgerplattformen haben in unserer Stadt einen besonderen Stellenwert. Aus diesem [&hellip;]<\/p>\n","protected":false},"author":1,"featured_media":0,"parent":0,"menu_order":0,"comment_status":"closed","ping_status":"closed","template":"","meta":{"_et_pb_use_builder":"on","_et_pb_old_content":"","_et_gb_content_width":"1080","footnotes":""},"aioseo_notices":[],"_links":{"self":[{"href":"https:\/\/buerger-fuer-chemnitz.com\/index.php?rest_route=\/wp\/v2\/pages\/28"}],"collection":[{"href":"https:\/\/buerger-fuer-chemnitz.com\/index.php?rest_route=\/wp\/v2\/pages"}],"about":[{"href":"https:\/\/buerger-fuer-chemnitz.com\/index.php?rest_route=\/wp\/v2\/types\/page"}],"author":[{"embeddable":true,"href":"https:\/\/buerger-fuer-chemnitz.com\/index.php?rest_route=\/wp\/v2\/users\/1"}],"replies":[{"embeddable":true,"href":"https:\/\/buerger-fuer-chemnitz.com\/index.php?rest_route=%2Fwp%2Fv2%2Fcomments&post=28"}],"version-history":[{"count":9,"href":"https:\/\/buerger-fuer-chemnitz.com\/index.php?rest_route=\/wp\/v2\/pages\/28\/revisions"}],"predecessor-version":[{"id":565,"href":"https:\/\/buerger-fuer-chemnitz.com\/index.php?rest_route=\/wp\/v2\/pages\/28\/revisions\/565"}],"wp:attachment":[{"href":"https:\/\/buerger-fuer-chemnitz.com\/index.php?rest_route=%2Fwp%2Fv2%2Fmedia&parent=28"}],"curies":[{"name":"wp","href":"https:\/\/api.w.org\/{rel}","templated":true}]}}